{"id":3,"date":"2024-02-09T08:18:09","date_gmt":"2024-02-09T08:18:09","guid":{"rendered":"https:\/\/revolva-algerie.com\/jetour\/?page_id=3"},"modified":"2024-06-09T16:25:44","modified_gmt":"2024-06-09T16:25:44","slug":"privacy-policy-2","status":"publish","type":"page","link":"https:\/\/revolva-algerie.com\/jetour\/privacy-policy-2\/","title":{"rendered":"Privacy Policy"},"content":{"rendered":"\r\n<h2 class=\"wp-block-heading\" style=\"font-weight: 400;\"><strong><b>Jetour.dz\u00a0: Condition d\u2019utilisation<\/b><\/strong><\/h2>\r\n<p style=\"font-weight: 400;\"><strong><b>AVIS JURIDIQUE<\/b><\/strong><\/p>\r\n<p style=\"font-weight: 400;\">Ce site web jetour.dz est exploit\u00e9 Sarl REVOLVA, <span class=\"BxUVEf ILfuVd\" lang=\"fr\"><span class=\"hgKElc\">soci\u00e9t\u00e9 \u00e0 responsabilit\u00e9 limit\u00e9e<\/span><\/span> ayant son si\u00e8ge social au ZAOUI Mohamed ilot n\u00b0279 section n\u00b001 &#8211; Dely Ibrahim, Il permet par ailleurs l\u2019acc\u00e8s \u00e0 des prestations, prise de rendez-vous en ligne et inscription en ligne. Votre utilisation du site est soumise au respect des conditions g\u00e9n\u00e9rales d\u2019utilisation, d\u00e9taill\u00e9es dans ce site dans la rubrique correspondante et de l&#8217;ensemble des lois applicables. Lorsque vous acc\u00e9dez au site et que vous le parcourez et l&#8217;utilisez, vous acceptez sans r\u00e9serve les conditions g\u00e9n\u00e9rales d\u2019utilisation, qui pr\u00e9valent sur tout autre accord que vous pourriez avoir par ailleurs avec Revolva ou les membres du r\u00e9seau Jetour DZ. Si vous n&#8217;acceptez pas ces conditions, n&#8217;utilisez pas ce Site.<\/p>\r\n<p style=\"font-weight: 400;\">\u00a0<\/p>\r\n<p style=\"font-weight: 400;\"><strong><b>Avis<\/b><\/strong><\/p>\r\n<p style=\"font-weight: 400;\">Les informations contenues dans le pr\u00e9sent document sont con\u00e7ues pour \u00eatre aussi compl\u00e8tes et factuelles que possible. Nous nous r\u00e9servons toutefois le droit de modifier \u00e0 tout moment, sans pr\u00e9avis, les prix, les couleurs, les mat\u00e9riaux, les \u00e9quipements, les sp\u00e9cifications, les mod\u00e8les et la disponibilit\u00e9.<\/p>\r\n<p style=\"font-weight: 400;\">Certains liens fournis sur ce site peuvent conduire \u00e0 des sites fournis par des propri\u00e9taires de sites ind\u00e9pendants. Les informations qui y sont pr\u00e9sent\u00e9es rel\u00e8vent de la seule responsabilit\u00e9 de ces propri\u00e9taires de sites. Revolva n\u2019a aucun contr\u00f4le ni aucune responsabilit\u00e9 sur le contenu des sites ind\u00e9pendants et fournit ces liens \u00e0 ses visiteurs pour leur commodit\u00e9.<\/p>\r\n<p style=\"font-weight: 400;\">\u00a0<\/p>\r\n<p style=\"font-weight: 400;\"><strong><b>Conditions g\u00e9n\u00e9rales d&#8217;utilisation du site<\/b><\/strong><\/p>\r\n<ol>\r\n<li><b><\/b><strong><b>D\u00c9FINITIONS\u00a0:<\/b><\/strong><\/li>\r\n<\/ol>\r\n<p style=\"font-weight: 400;\">Pour les besoins des pr\u00e9sentes :<\/p>\r\n<p style=\"font-weight: 400;\">\u00ab <strong><b>CGU<\/b><\/strong>\u00a0\u00bb d\u00e9signe les pr\u00e9sentes conditions g\u00e9n\u00e9rales d\u2019utilisation lesquelles ont pour objet de d\u00e9finir les conditions et modalit\u00e9s de r\u00e9servation en ligne de Prestations de Services.<\/p>\r\n<p style=\"font-weight: 400;\">\u00ab <strong><b>El\u00e9ments<\/b><\/strong>\u00a0\u00bb d\u00e9signent les diff\u00e9rentes fonctionnalit\u00e9s et \u00e9l\u00e9ments d\u2019information propos\u00e9e sur le Site.<\/p>\r\n<p style=\"font-weight: 400;\">\u00ab <strong><b>Utilisateur<\/b><\/strong>\u00a0\u00bb d\u00e9signe toute personne physique majeure (ou mineure \u00e9mancip\u00e9e ayant la pleine capacit\u00e9 juridique) pouvant souscrire des obligations conform\u00e9ment au droit Alg\u00e9rien, naviguant sur le Site pour ses besoins propres, dans le cadre d\u2019un usage strictement personnel, en vue de b\u00e9n\u00e9ficier des Prestations de Services.<\/p>\r\n<p style=\"font-weight: 400;\">\u00ab\u00a0<strong><b>Distributeurs<\/b><\/strong>\u00a0\u00bb D\u00e9signe l\u2019ensemble des agents agr\u00e9es de Revolva.<\/p>\r\n<p style=\"font-weight: 400;\">\u00a0<\/p>\r\n<ol start=\"2\">\r\n<li><b><\/b><strong><b>Propri\u00e9t\u00e9 intellectuelle\u00a0:<\/b><\/strong><\/li>\r\n<\/ol>\r\n<p style=\"font-weight: 400;\">Tous les contenus du Site sont la propri\u00e9t\u00e9 intellectuelle de Revolva. Les contenus ne peuvent pas \u00eatre copi\u00e9s ou reproduits, sauf dans la mesure n\u00e9cessaire pour les visualiser en ligne. Cependant, vous pouvez imprimer des pages compl\u00e8tes du Site sur papier pour votre usage personnel, sous r\u00e9serve des conditions suivantes :<\/p>\r\n<ul>\r\n<li style=\"font-weight: 400;\">\u00a0\u00a0\u00a0aucun document ou graphique li\u00e9 sur le Site n&#8217;est modifi\u00e9 de quelque mani\u00e8re que ce soit.<\/li>\r\n<li style=\"font-weight: 400;\">\u00a0\u00a0\u00a0aucun graphique du Site n&#8217;est utilis\u00e9 s\u00e9par\u00e9ment du texte correspondant.<\/li>\r\n<li style=\"font-weight: 400;\">\u00a0\u00a0\u00a0les mentions de copyright, de marque ou autres de Revolva figurent sur toutes les copies.<\/li>\r\n<\/ul>\r\n<ol start=\"3\">\r\n<li><b><\/b><strong><b>ACC\u00c8S AU SITE<\/b><\/strong><\/li>\r\n<\/ol>\r\n<p style=\"font-weight: 400;\">Le Site est accessible depuis le r\u00e9seau internet \u00e0 l\u2019adresse suivante : https:\/\/www.jetour.dz<\/p>\r\n<p style=\"font-weight: 400;\">Pour toute Inscription, l&#8217;utilisateur doit communiquer ses donn\u00e9es personnelles (Nom, Pr\u00e9nom, n\u00b0 de t\u00e9l\u00e9phone, adresse e-mail, sexe, age, et Wilaya de r\u00e9sidence)<\/p>\r\n<p style=\"font-weight: 400;\">\u00a0<\/p>\r\n<ol start=\"4\">\r\n<li><b><\/b><strong><b>LICENCE D\u2019UTILISATION DU SITE<\/b><\/strong><\/li>\r\n<\/ol>\r\n<p style=\"font-weight: 400;\">Revolva Alg\u00e9rie conc\u00e8de \u00e0 l\u2019Utilisateur un droit personnel d\u2019utilisation du Site, du Contenu et de ses \u00e9l\u00e9ments non exclusif, r\u00e9vocable, non cessible, non transf\u00e9rable et gratuit.<\/p>\r\n<p style=\"font-weight: 400;\">Cette licence est accord\u00e9e \u00e0 l\u2019Utilisateur uniquement pour ses besoins propres, \u00e0 l\u2019exclusion de toute exploitation commerciale ou \u00e0 but lucratif de tout ou partie du Contenu et\/ou des \u00e9l\u00e9ments.<\/p>\r\n<p style=\"font-weight: 400;\">\u00a0<\/p>\r\n<ol start=\"5\">\r\n<li><b><\/b><strong><b>OBLIGATIONS DE L\u2019UTILISATEUR\u00a0:<\/b><\/strong><\/li>\r\n<\/ol>\r\n<p style=\"font-weight: 400;\">L\u2019Utilisateur s\u2019engage \u00e0 utiliser le Site conform\u00e9ment aux r\u00e8glementations nationales et internationales. Il s\u2019engage en particulier \u00e0 :<\/p>\r\n<p style=\"font-weight: 400;\">&#8211; Prendre connaissance des pr\u00e9sentes CGU et \u00e0 s\u2019y conformer.<\/p>\r\n<p style=\"font-weight: 400;\">&#8211; Ne pas reproduire, m\u00eame temporairement et\/ou partiellement, le Site et\/ou son Contenu, par tout moyen et sous toute forme.<\/p>\r\n<p style=\"font-weight: 400;\">&#8211; Ne pas utiliser de logiciels ou de proc\u00e9d\u00e9s destin\u00e9s \u00e0 copier le Contenu et\/ou susceptibles de perturber le bon fonctionnement du Site.<\/p>\r\n<p style=\"font-weight: 400;\">&#8211; Ne proc\u00e9der \u00e0 aucune adaptation, modification, traduction, transcription, compilation, d\u00e9compilation, assemblage, d\u00e9sassemblage de tout ou partie du Site, des El\u00e9ments et\/ou du Contenu.<\/p>\r\n<p style=\"font-weight: 400;\">&#8211; Ne pas exporter le Site et\/ou le fusionner avec d\u2019autres programmes informatiques.<\/p>\r\n<p style=\"font-weight: 400;\">&#8211; Informer Revolva s\u2019il a connaissance d\u2019un acte de piratage et\/ou d\u2019une utilisation illicite ou non contractuelle du Site et\/ou de son Contenu.<\/p>\r\n<p style=\"font-weight: 400;\">\u00a0&#8211; Ne proc\u00e9der \u00e0 aucune manipulation et\/ou n\u2019introduire aucun virus ou code malveillant, susceptibles d\u2019entra\u00eener des pannes informatiques et\/ou fonctionnelles susceptibles d\u2019affecter le bon fonctionnement du Site ou de tous \u00e9l\u00e9ments accessibles par l\u2019interm\u00e9diaire du Site.<\/p>\r\n<p style=\"font-weight: 400;\">\u00a0&#8211; Ne pas entraver le bon fonctionnement du Site par quelques moyens que ce soient.<\/p>\r\n<p style=\"font-weight: 400;\">\u00a0&#8211; Ne pas utiliser le Site pour afficher, t\u00e9l\u00e9charger ou transmettre tout contenu contraire aux bonnes m\u0153urs et \u00e0 l\u2019ordre public (tel que, sans que cette liste soit limitative, tout contenu \u00e0 caract\u00e8re racial, politique, religieux, pornographique ou sexuel).<\/p>\r\n<p style=\"font-weight: 400;\">\u00a0<\/p>\r\n<p style=\"font-weight: 400;\">L\u2019Utilisateur \u00e9tant seul responsable de l\u2019Utilisation du Site, il reconna\u00eet que ni Revolva ni les Distributeurs ne pourront \u00eatre tenus responsables des dommages directs ou indirects, et notamment pr\u00e9judice mat\u00e9riel, pr\u00e9judice immat\u00e9riel, perte de donn\u00e9es ou de programme, pr\u00e9judice financier, r\u00e9sultant de l\u2019acc\u00e8s ou de l\u2019utilisation du Site, ou du fait, notamment, de l\u2019interruption, la suspension ou la modification du Site ou d\u2019un de ses \u00e9l\u00e9ments.<\/p>\r\n<p style=\"font-weight: 400;\">\u00a0<\/p>\r\n<p style=\"font-weight: 400;\">Lorsque l\u2019Utilisateur documente des formulaires, il s\u2019engage \u00e0 ce que le contenu de ses commentaires :<\/p>\r\n<p style=\"font-weight: 400;\">\u00a0&#8211; Soit en rapport avec l\u2019objectif du formulaire qu\u2019il renseigne.<\/p>\r\n<p style=\"font-weight: 400;\">\u00a0&#8211; Ne soit pas de nature \u00e0 d\u00e9tourner l\u2019objectif du formulaire en exprimant (i) des opinions philosophiques, politiques, religieuses, syndicales ou (ii) des \u00e9l\u00e9ments \u00e0 caract\u00e8re racial, ethnique ou sexuel qui seraient violents, vulgaires, obsc\u00e8nes, injurieux, contraires aux bonnes m\u0153urs, \u00e0 port\u00e9e pros\u00e9lytique, diffamatoires ou haineux.<\/p>\r\n<p style=\"font-weight: 400;\">\u00a0&#8211; Ne porte pas atteinte \u00e0 l\u2019image de marque de Revolva ou \u00e0 l\u2019image de marque des distributeurs.<\/p>\r\n<p style=\"font-weight: 400;\">En cas de violation de l&#8217;une des restrictions ci-dessus, Revolva se r\u00e9serve le droit, \u00e0 sa seule discr\u00e9tion et sans pr\u00e9avis, de suspendre le traitement de sa demande et d&#8217;engager une proc\u00e9dure judiciaire.<\/p>\r\n<p style=\"font-weight: 400;\">\u00a0<\/p>\r\n<ol start=\"6\">\r\n<li><b><\/b><strong><b>Pr\u00e9cision des informations\u00a0:<\/b><\/strong><\/li>\r\n<\/ol>\r\n<p style=\"font-weight: 400;\">Les informations contenues sur ce site Web sont destin\u00e9es aux clients de Revolva. Revolva s&#8217;efforcera de faire en sorte que le contenu du Site soit exact et \u00e0 jour. Cependant, en raison de la nature des stocks de v\u00e9hicules et des modifications apport\u00e9es aux sp\u00e9cifications des v\u00e9hicules lors des mises \u00e0 jour annuelles, etc., les produits pr\u00e9sent\u00e9s sur ce Site peuvent diff\u00e9rer des sp\u00e9cifications les plus r\u00e9centes. Les clients sont invit\u00e9s \u00e0 v\u00e9rifier les caract\u00e9ristiques sp\u00e9cifiques du v\u00e9hicule dont ils ont besoin aupr\u00e8s de leur distributeur au moment de la commande. Revolva se r\u00e9serve le droit de modifier les sp\u00e9cifications des produits \u00e0 tout moment et Revovla n&#8217;accepte aucune responsabilit\u00e9 pour les r\u00e9clamations ou les pertes r\u00e9sultant d&#8217;une confiance accord\u00e9e au contenu du site Web.<\/p>\r\n<p style=\"font-weight: 400;\">\u00a0<\/p>\r\n<ol start=\"7\">\r\n<li><b><\/b><strong><b>RESPONSABILIT\u00c9S <\/b><\/strong>:\r\n<ul>\r\n<li><strong><b>UTILISATION DU SITE\u00a0:<\/b><\/strong><\/li>\r\n<\/ul>\r\n<\/li>\r\n<\/ol>\r\n<p style=\"font-weight: 400;\">Dans la limite des lois et r\u00e8glements applicables, ni Revolva ni les Distributeurs n\u2019assument de responsabilit\u00e9 quant \u00e0 l\u2019utilisation du Site par l\u2019Utilisateur et ne donnent de garantie, explicite ou implicite, en ce qui concerne la rapidit\u00e9 ou la performance du Site. En particulier, l\u2019acc\u00e8s au Site pourra \u00eatre momentan\u00e9ment suspendu pour des raisons techniques. Le cas \u00e9ch\u00e9ant, les \u00e9quipes techniques feront leurs meilleurs efforts pour r\u00e9soudre le probl\u00e8me dans les d\u00e9lais les plus brefs.<\/p>\r\n<p style=\"font-weight: 400;\">Revolva ne garantit pas que le Site soit exempt de toute erreur ou anomalie, ni qu\u2019il ne puisse faire l\u2019objet d\u2019atteintes ou d\u2019attaques, notamment par des virus, pouvant entra\u00eener des dysfonctionnements, interruptions, pannes ou pertes de donn\u00e9es ou d\u2019informations.<\/p>\r\n<ol start=\"8\">\r\n<li><b><\/b><strong><b>PROTECTION DES DONN\u00c9ES PERSONNELLES :<\/b><\/strong><\/li>\r\n<\/ol>\r\n<p style=\"font-weight: 400;\">L\u2019utilisation du Site et des Prestations de Service peut n\u00e9cessiter la collecte par Revolva et les Distributeurs de donn\u00e9es personnelles permettant une identification directe ou indirecte de l\u2019Utilisateur,\u00a0Revolva respecte votre vie priv\u00e9e et s&#8217;engage \u00e0 prot\u00e9ger les donn\u00e9es \u00e0 caract\u00e8re personnel que vous partagez avec nous. Revolva met en \u0153uvre des mesures techniques et organisationnelles appropri\u00e9es pour prot\u00e9ger vos donn\u00e9es contre tout acc\u00e8s non autoris\u00e9, perte, destruction ou divulgation.<\/p>\r\n<ol start=\"9\">\r\n<li><b><\/b><strong><b>Contact\u00a0:<\/b><\/strong><\/li>\r\n<\/ol>\r\n<p style=\"font-weight: 400;\">L&#8217;utilisateur peut demander une assistance \u00e0 la client\u00e8le en utilisant l&#8217;adresse \u00e9lectronique d&#8217;assistance contact@jetour-algeria.com<\/p>\r\n<p style=\"font-weight: 400;\">La demande d\u2019informations sera transmise au Service Client dans son back office.<\/p>\r\n<p style=\"font-weight: 400;\">L\u2019Utilisateur doit renseigner son Nom, son adresse E-mail, son t\u00e9l\u00e9phone, l\u2019objet de sa demande et le message d\u00e9crivant sa demande.<\/p>\r\n<ol start=\"10\">\r\n<li style=\"font-weight: 400;\"><strong><b> \u00a0LOI APPLICABLE \u2013 R\u00c8GLEMENT DES LITIGES<\/b><\/strong><\/li>\r\n<\/ol>\r\n<p style=\"font-weight: 400;\"><strong><b>\u00a0\u00a0\u00a0\u00a0\u00a0\u00a0\u00a010.1<\/b><\/strong>\u00a0&#8211; La langue r\u00e9gissant les pr\u00e9sents CGU est le Fran\u00e7ais.<\/p>\r\n<p style=\"font-weight: 400;\"><strong><b>\u00a0\u00a0\u00a0\u00a0\u00a0\u00a0\u00a010.2<\/b><\/strong> &#8211; Le Site et les pr\u00e9sentes CGU sont soumis au droit Alg\u00e9rien. Tout litige qui surviendrait concernant \u00a0\u00a0\u00a0\u00a0\u00a0l\u2019interpr\u00e9tation et\/ou l\u2019utilisation des pr\u00e9sentes CGU devra faire l\u2019objet d\u2019une tentative de r\u00e8glement amiable. \u00c0 d\u00e9faut de r\u00e8glement amiable, le litige sera soumis au tribunal de Bir mourad rais \u00e9tant pr\u00e9cis\u00e9 que :<\/p>\r\n<p style=\"font-weight: 400;\">\u00a0&#8211; Si l\u2019Utilisateur n\u2019est pas un commer\u00e7ant, le choix du tribunal comp\u00e9tent se fera conform\u00e9ment \u00e0 la loi Alg\u00e9rienne.<\/p>\r\n<p style=\"font-weight: 400;\">\u00a0\u00a0\u00a0\u00a0\u00a0\u00a0\u00a0\u00a0&#8211; Si l\u2019Utilisateur est un commer\u00e7ant, le tribunal comp\u00e9tent sera le tribunal comp\u00e8tent d\u2019Alger.<\/p>\r\n<p style=\"font-weight: 400;\"><strong><b>\u00a0\u00a0\u00a0\u00a0\u00a0\u00a0\u00a010.3<\/b><\/strong>\u00a0&#8211; Dans chaque cas, l\u2019Utilisateur peut recourir \u00e0 une proc\u00e9dure de m\u00e9diation conventionnelle ou \u00e0 tout autre mode alternatif de r\u00e8glement de diff\u00e9rends.<\/p>\r\n<ol start=\"11\">\r\n<li style=\"font-weight: 400;\"><b><\/b><strong><b>MISE A JOUR DES CGU<\/b><\/strong><\/li>\r\n<\/ol>\r\n<p style=\"font-weight: 400;\">Revolva se r\u00e9serve le droit de modifier et de mettre \u00e0 jour les pr\u00e9sentes CGU sans pr\u00e9avis, \u00e0 tout moment et sans information pr\u00e9alable des Utilisateurs.<\/p>\r\n<p style=\"font-weight: 400;\">Le cas \u00e9ch\u00e9ant, les modifications et mises \u00e0 jour s\u2019imposeront \u00e0 l\u2019Utilisateur d\u00e8s leur publication sur le Site, \u00e0 charge pour l\u2019Utilisateur de consulter les CGU en vigueur \u00e0 chaque connexion sur le Site.<\/p>\r\n<ol start=\"14\">\r\n<li style=\"font-weight: 400;\"><strong><b>14<\/b><\/strong>. <strong><b>DISPOSITION DIVERSES<\/b><\/strong><\/li>\r\n<\/ol>\r\n<p style=\"font-weight: 400;\"><strong><b>14.1. \u2013 ABSENCE DE RENONCIATION<\/b><\/strong><\/p>\r\n<p style=\"font-weight: 400;\">Le fait, pour l\u2019Utilisateur, pour Revolva ou tout membre du r\u00e9seau de Distributeurs, de ne pas se pr\u00e9valoir d\u2019une clause des pr\u00e9sentes CGU ne saurait \u00eatre interpr\u00e9t\u00e9 comme une renonciation temporaire ou d\u00e9finitive au b\u00e9n\u00e9fice de la disposition en cause qui restera en vigueur.<\/p>\r\n<p style=\"font-weight: 400;\"><strong><b>14.2- NULLIT\u00c9 D\u2019UNE CLAUSE DES CGU<\/b><\/strong><\/p>\r\n<p style=\"font-weight: 400;\">Si une ou plusieurs stipulations des pr\u00e9sentes CGU est d\u00e9clar\u00e9e non valide, nulle ou non \u00e9crite en vertu de la r\u00e8glementation en vigueur, d\u2019une \u00e9volution de la r\u00e8glementation ou \u00e0 la suite d\u2019une d\u00e9cision d\u00e9finitive d\u2019une juridiction comp\u00e9tente, les autres stipulations garderont toute leur force et port\u00e9e, et Revolva se r\u00e9serve le droit d\u2019apporter toute modification n\u00e9cessaire aux pr\u00e9sentes CGU au regard des circonstances.<\/p>\r\n<p style=\"font-weight: 400;\"><strong><b>14.3- FORCE MAJEURE<\/b><\/strong><\/p>\r\n<p style=\"font-weight: 400;\">De fa\u00e7on expresse sont consid\u00e9r\u00e9s comme cas de force majeure, outre ceux habituellement retenus par la loi et la r\u00e9glementation Alg\u00e9rienne, les intemp\u00e9ries, les restrictions et modifications gouvernementales et l\u00e9gales, les pannes d\u2019ordinateur et blocage des t\u00e9l\u00e9communications, la d\u00e9faillance des serveurs Revolva et tout autre cas ind\u00e9pendant de la volont\u00e9 de Revolva.<\/p>\r\n","protected":false},"excerpt":{"rendered":"<p>Jetour.dz\u00a0: Condition d\u2019utilisation AVIS JURIDIQUE Ce site web jetour.dz est exploit\u00e9 Sarl REVOLVA, soci\u00e9t\u00e9 \u00e0 responsabilit\u00e9 limit\u00e9e ayant son si\u00e8ge social au ZAOUI Mohamed ilot n\u00b0279 section n\u00b001 &#8211; Dely Ibrahim, Il permet par ailleurs l\u2019acc\u00e8s \u00e0 des prestations, prise de rendez-vous en ligne et inscription en ligne. Votre utilisation du site est soumise au [&hellip;]<\/p>\n","protected":false},"author":1,"featured_media":0,"parent":0,"menu_order":0,"comment_status":"closed","ping_status":"open","template":"","meta":{"footnotes":""},"class_list":["post-3","page","type-page","status-publish","hentry"],"_links":{"self":[{"href":"https:\/\/revolva-algerie.com\/jetour\/wp-json\/wp\/v2\/pages\/3","targetHints":{"allow":["GET"]}}],"collection":[{"href":"https:\/\/revolva-algerie.com\/jetour\/wp-json\/wp\/v2\/pages"}],"about":[{"href":"https:\/\/revolva-algerie.com\/jetour\/wp-json\/wp\/v2\/types\/page"}],"author":[{"embeddable":true,"href":"https:\/\/revolva-algerie.com\/jetour\/wp-json\/wp\/v2\/users\/1"}],"replies":[{"embeddable":true,"href":"https:\/\/revolva-algerie.com\/jetour\/wp-json\/wp\/v2\/comments?post=3"}],"version-history":[{"count":7,"href":"https:\/\/revolva-algerie.com\/jetour\/wp-json\/wp\/v2\/pages\/3\/revisions"}],"predecessor-version":[{"id":7133,"href":"https:\/\/revolva-algerie.com\/jetour\/wp-json\/wp\/v2\/pages\/3\/revisions\/7133"}],"wp:attachment":[{"href":"https:\/\/revolva-algerie.com\/jetour\/wp-json\/wp\/v2\/media?parent=3"}],"curies":[{"name":"wp","href":"https:\/\/api.w.org\/{rel}","templated":true}]}}